{"id":939,"date":"2025-02-05T14:08:58","date_gmt":"2025-02-05T13:08:58","guid":{"rendered":"https:\/\/ekinconsultoria.com\/?page_id=939"},"modified":"2025-02-05T14:08:58","modified_gmt":"2025-02-05T13:08:58","slug":"formacion-y-sensibilizacion","status":"publish","type":"page","link":"https:\/\/ekinconsultoria.com\/eu\/formacion-y-sensibilizacion\/","title":{"rendered":"FORMACI\u00d3N Y SENSIBILIZACI\u00d3N"},"content":{"rendered":"<ul>\n<li>Las mujeres y la lucha feminista. La teor\u00eda del sistema sexo g\u00e9nero.<\/li>\n<li>Derecho, igualdad y discriminaci\u00f3n.<\/li>\n<li>Lenguaje inclusivo y no sexista.<\/li>\n<li>La perspectiva de g\u00e9nero en el sistema educativo.<\/li>\n<li>Usos del tiempo. Corresponsabilidad y conciliaci\u00f3n.<\/li>\n<li>Acoso sexual y por raz\u00f3n de sexo.<\/li>\n<li>Auditor\u00eda retributiva.<\/li>\n<\/ul>\n","protected":false},"excerpt":{"rendered":"<p>Las mujeres y la lucha feminista. La teor\u00eda del sistema sexo g\u00e9nero. Derecho, igualdad y discriminaci\u00f3n. Lenguaje inclusivo [&hellip;]<\/p>\n","protected":false},"author":2,"featured_media":0,"parent":0,"menu_order":0,"comment_status":"closed","ping_status":"closed","template":"","meta":{"footnotes":""},"class_list":["post-939","page","type-page","status-publish","hentry"],"yoast_head":"<!-- This site is optimized with the Yoast SEO plugin v27.4 - https:\/\/yoast.com\/product\/yoast-seo-wordpress\/ -->\n<title>FORMACI\u00d3N Y SENSIBILIZACI\u00d3N - EKIN<\/title>\n<meta name=\"description\" content=\"Formaci\u00f3n en Igualdad. Agentes en igualdad expertas en impartir formaciones y sensibilizar a las personas en igualdad.\" \/>\n<meta name=\"robots\" content=\"index, follow, max-snippet:-1, max-image-preview:large, max-video-preview:-1\" \/>\n<link rel=\"canonical\" href=\"https:\/\/ekinconsultoria.com\/eu\/formacion-y-sensibilizacion\/\" \/>\n<meta property=\"og:locale\" content=\"eu_ES\" \/>\n<meta property=\"og:type\" content=\"article\" \/>\n<meta property=\"og:title\" content=\"FORMACI\u00d3N Y SENSIBILIZACI\u00d3N - EKIN\" \/>\n<meta property=\"og:description\" content=\"Formaci\u00f3n en Igualdad. Agentes en igualdad expertas en impartir formaciones y sensibilizar a las personas en igualdad.\" \/>\n<meta property=\"og:url\" content=\"https:\/\/ekinconsultoria.com\/eu\/formacion-y-sensibilizacion\/\" \/>\n<meta property=\"og:site_name\" content=\"EKIN\" \/>\n<meta name=\"twitter:card\" content=\"summary_large_image\" \/>\n<meta name=\"twitter:label1\" content=\"Est. reading time\" \/>\n\t<meta name=\"twitter:data1\" content=\"1 minute\" \/>\n<script type=\"application\/ld+json\" class=\"yoast-schema-graph\">{\"@context\":\"https:\\\/\\\/schema.org\",\"@graph\":[{\"@type\":\"WebPage\",\"@id\":\"https:\\\/\\\/ekinconsultoria.com\\\/eu\\\/formacion-y-sensibilizacion\\\/\",\"url\":\"https:\\\/\\\/ekinconsultoria.com\\\/eu\\\/formacion-y-sensibilizacion\\\/\",\"name\":\"FORMACI\u00d3N Y SENSIBILIZACI\u00d3N - EKIN\",\"isPartOf\":{\"@id\":\"https:\\\/\\\/ekinconsultoria.com\\\/eu\\\/#website\"},\"datePublished\":\"2025-02-05T13:08:58+00:00\",\"description\":\"Formaci\u00f3n en Igualdad. Agentes en igualdad expertas en impartir formaciones y sensibilizar a las personas en igualdad.\",\"breadcrumb\":{\"@id\":\"https:\\\/\\\/ekinconsultoria.com\\\/eu\\\/formacion-y-sensibilizacion\\\/#breadcrumb\"},\"inLanguage\":\"eu-ES\",\"potentialAction\":[{\"@type\":\"ReadAction\",\"target\":[\"https:\\\/\\\/ekinconsultoria.com\\\/eu\\\/formacion-y-sensibilizacion\\\/\"]}]},{\"@type\":\"BreadcrumbList\",\"@id\":\"https:\\\/\\\/ekinconsultoria.com\\\/eu\\\/formacion-y-sensibilizacion\\\/#breadcrumb\",\"itemListElement\":[{\"@type\":\"ListItem\",\"position\":1,\"name\":\"Portada\",\"item\":\"https:\\\/\\\/ekinconsultoria.com\\\/eu\\\/inicio\\\/\"},{\"@type\":\"ListItem\",\"position\":2,\"name\":\"FORMACI\u00d3N Y SENSIBILIZACI\u00d3N\"}]},{\"@type\":\"WebSite\",\"@id\":\"https:\\\/\\\/ekinconsultoria.com\\\/eu\\\/#website\",\"url\":\"https:\\\/\\\/ekinconsultoria.com\\\/eu\\\/\",\"name\":\"EKIN\",\"description\":\"Consultor\u00eda estrat\u00e9gica empresarial en Bilbao\",\"potentialAction\":[{\"@type\":\"SearchAction\",\"target\":{\"@type\":\"EntryPoint\",\"urlTemplate\":\"https:\\\/\\\/ekinconsultoria.com\\\/eu\\\/?s={search_term_string}\"},\"query-input\":{\"@type\":\"PropertyValueSpecification\",\"valueRequired\":true,\"valueName\":\"search_term_string\"}}],\"inLanguage\":\"eu-ES\"}]}<\/script>\n<!-- \/ Yoast SEO plugin. -->","yoast_head_json":{"title":"FORMACI\u00d3N Y SENSIBILIZACI\u00d3N - EKIN","description":"Formaci\u00f3n en Igualdad. Agentes en igualdad expertas en impartir formaciones y sensibilizar a las personas en igualdad.","robots":{"index":"index","follow":"follow","max-snippet":"max-snippet:-1","max-image-preview":"max-image-preview:large","max-video-preview":"max-video-preview:-1"},"canonical":"https:\/\/ekinconsultoria.com\/eu\/formacion-y-sensibilizacion\/","og_locale":"eu_ES","og_type":"article","og_title":"FORMACI\u00d3N Y SENSIBILIZACI\u00d3N - EKIN","og_description":"Formaci\u00f3n en Igualdad. Agentes en igualdad expertas en impartir formaciones y sensibilizar a las personas en igualdad.","og_url":"https:\/\/ekinconsultoria.com\/eu\/formacion-y-sensibilizacion\/","og_site_name":"EKIN","twitter_card":"summary_large_image","twitter_misc":{"Est. reading time":"1 minute"},"schema":{"@context":"https:\/\/schema.org","@graph":[{"@type":"WebPage","@id":"https:\/\/ekinconsultoria.com\/eu\/formacion-y-sensibilizacion\/","url":"https:\/\/ekinconsultoria.com\/eu\/formacion-y-sensibilizacion\/","name":"FORMACI\u00d3N Y SENSIBILIZACI\u00d3N - EKIN","isPartOf":{"@id":"https:\/\/ekinconsultoria.com\/eu\/#website"},"datePublished":"2025-02-05T13:08:58+00:00","description":"Formaci\u00f3n en Igualdad. Agentes en igualdad expertas en impartir formaciones y sensibilizar a las personas en igualdad.","breadcrumb":{"@id":"https:\/\/ekinconsultoria.com\/eu\/formacion-y-sensibilizacion\/#breadcrumb"},"inLanguage":"eu-ES","potentialAction":[{"@type":"ReadAction","target":["https:\/\/ekinconsultoria.com\/eu\/formacion-y-sensibilizacion\/"]}]},{"@type":"BreadcrumbList","@id":"https:\/\/ekinconsultoria.com\/eu\/formacion-y-sensibilizacion\/#breadcrumb","itemListElement":[{"@type":"ListItem","position":1,"name":"Portada","item":"https:\/\/ekinconsultoria.com\/eu\/inicio\/"},{"@type":"ListItem","position":2,"name":"FORMACI\u00d3N Y SENSIBILIZACI\u00d3N"}]},{"@type":"WebSite","@id":"https:\/\/ekinconsultoria.com\/eu\/#website","url":"https:\/\/ekinconsultoria.com\/eu\/","name":"EKIN","description":"Consultor\u00eda estrat\u00e9gica empresarial en Bilbao","potentialAction":[{"@type":"SearchAction","target":{"@type":"EntryPoint","urlTemplate":"https:\/\/ekinconsultoria.com\/eu\/?s={search_term_string}"},"query-input":{"@type":"PropertyValueSpecification","valueRequired":true,"valueName":"search_term_string"}}],"inLanguage":"eu-ES"}]}},"_links":{"self":[{"href":"https:\/\/ekinconsultoria.com\/eu\/wp-json\/wp\/v2\/pages\/939","targetHints":{"allow":["GET"]}}],"collection":[{"href":"https:\/\/ekinconsultoria.com\/eu\/wp-json\/wp\/v2\/pages"}],"about":[{"href":"https:\/\/ekinconsultoria.com\/eu\/wp-json\/wp\/v2\/types\/page"}],"author":[{"embeddable":true,"href":"https:\/\/ekinconsultoria.com\/eu\/wp-json\/wp\/v2\/users\/2"}],"replies":[{"embeddable":true,"href":"https:\/\/ekinconsultoria.com\/eu\/wp-json\/wp\/v2\/comments?post=939"}],"version-history":[{"count":1,"href":"https:\/\/ekinconsultoria.com\/eu\/wp-json\/wp\/v2\/pages\/939\/revisions"}],"predecessor-version":[{"id":940,"href":"https:\/\/ekinconsultoria.com\/eu\/wp-json\/wp\/v2\/pages\/939\/revisions\/940"}],"wp:attachment":[{"href":"https:\/\/ekinconsultoria.com\/eu\/wp-json\/wp\/v2\/media?parent=939"}],"curies":[{"name":"wp","href":"https:\/\/api.w.org\/{rel}","templated":true}]}}