{"id":776,"date":"2024-12-10T11:38:09","date_gmt":"2024-12-10T10:38:09","guid":{"rendered":"https:\/\/ekinconsultoria.com\/seguridad\/"},"modified":"2024-12-10T11:38:09","modified_gmt":"2024-12-10T10:38:09","slug":"seguridad","status":"publish","type":"page","link":"https:\/\/ekinconsultoria.com\/eu\/seguridad\/","title":{"rendered":"Seguridad"},"content":{"rendered":"\n<style type=\"text\/css\" data-created_by=\"avia_inline_auto\" id=\"style-css-av-m231gmz5-c9f2a680ed1f52f194034998147db931\">\n.avia-section.av-m231gmz5-c9f2a680ed1f52f194034998147db931{\nbackground-repeat:no-repeat;\nbackground-image:url(https:\/\/ekinconsultoria.com\/webwp\/wp-content\/uploads\/2024\/10\/slider-coremo-1.jpg);\nbackground-position:50% 50%;\nbackground-attachment:scroll;\n}\n<\/style>\n<div id='cabecera_ints'  class='avia-section av-m231gmz5-c9f2a680ed1f52f194034998147db931 main_color avia-section-default avia-no-border-styling  avia-builder-el-0  el_before_av_section  avia-builder-el-first  avia-full-stretch avia-bg-style-scroll av-minimum-height av-minimum-height-custom av-height-custom  container_wrap sidebar_right'  data-section-bg-repeat='stretch' data-av_minimum_height_px='300'><div class='container av-section-cont-open' style='height:300px'><main  role=\"main\" itemprop=\"mainContentOfPage\"  class='template-page content  av-content-small alpha units'><div class='post-entry post-entry-type-page post-entry-776'><div class='entry-content-wrapper clearfix'>\n<div  class='flex_column av-2389n-88009a06cc3e11aaf2611f943ad56fa6 av_one_half  avia-builder-el-1  avia-builder-el-no-sibling  first flex_column_div  '     ><section  class='av_textblock_section av-m231jbtv-930ec3dc7a2cbbfbdb97dc49fc9c5f98 '   itemscope=\"itemscope\" itemtype=\"https:\/\/schema.org\/CreativeWork\" ><div class='avia_textblock'  itemprop=\"text\" ><h1>Seguridad<\/h1>\n<\/div><\/section><\/div><\/div><\/div><\/main><!-- close content main element --><\/div><\/div><div id='bread_cont'  class='avia-section av-m28ufyaj-7e4bf21a0a768657cc57c8fcea754e9d main_color avia-section-small avia-no-border-styling  avia-builder-el-3  el_after_av_section  el_before_av_section  avia-bg-style-scroll container_wrap sidebar_right'  ><div class='container av-section-cont-open' ><div class='template-page content  av-content-small alpha units'><div class='post-entry post-entry-type-page post-entry-776'><div class='entry-content-wrapper clearfix'>\n<section  class='av_textblock_section av-m28ug5w1-ea768f28ec0a91ab6247d48e531127f0 '   itemscope=\"itemscope\" itemtype=\"https:\/\/schema.org\/CreativeWork\" ><div class='avia_textblock'  itemprop=\"text\" ><span><span><a href=\"https:\/\/ekinconsultoria.com\/eu\/inicio\/\">Portada<\/a><\/span><\/span>\n<\/div><\/section>\n<\/p>\n<\/div><\/div><\/div><!-- close content main div --><\/div><\/div><div id='av_section_3'  class='avia-section av-m231kiqh-0a8700d93d6b17f6e4e606f3b35af06c main_color avia-section-default avia-no-border-styling  avia-builder-el-5  el_after_av_section  el_before_av_section  avia-bg-style-scroll container_wrap sidebar_right'  ><div class='container av-section-cont-open' ><div class='template-page content  av-content-small alpha units'><div class='post-entry post-entry-type-page post-entry-776'><div class='entry-content-wrapper clearfix'>\n<div  class='flex_column av-15ezf-c1621fd2cbf238f768b972fc4f99035f av_one_half  avia-builder-el-6  el_before_av_one_half  avia-builder-el-first  first flex_column_div  '     ><section  class='av_textblock_section av-m231myb6-dca16b1e54cfd0b1e3345f3e59729024 '   itemscope=\"itemscope\" itemtype=\"https:\/\/schema.org\/CreativeWork\" ><div class='avia_textblock'  itemprop=\"text\" ><h2>Sistema de Seguridad y Salud en el Trabajo ISO 45001<\/h2>\n<p>En un entorno laboral, la seguridad y la salud no son negociables. La norma ISO 45001 establece un est\u00e1ndar internacional que ayuda a las organizaciones a gestionar riesgos y mejorar las condiciones de trabajo, creando espacios m\u00e1s seguros y saludables para todos.<\/p>\n<p>En nuestra consultor\u00eda, acompa\u00f1amos a empresas de todos los sectores en la implementaci\u00f3n y mantenimiento de este sistema de gesti\u00f3n, asegurando no solo el cumplimiento legal, sino tambi\u00e9n el bienestar de sus equipos. Apostamos por una cultura de prevenci\u00f3n que fomente un entorno laboral m\u00e1s protegido, eficiente y comprometido con el desarrollo sostenible.<\/p>\n<p>Tu tranquilidad y la de tu equipo es nuestra prioridad.<\/p>\n<\/div><\/section><\/div><div  class='flex_column av-hg7-eff10a910dcfa12851b7544758c7f1ff av_one_half  avia-builder-el-8  el_after_av_one_half  avia-builder-el-last  flex_column_div  '     ><style type=\"text\/css\" data-created_by=\"avia_inline_auto\" id=\"style-css-av-m231lzns-f02b13f6c3c9f362f0094c0137d4f38a\">\n.avia-image-container.av-m231lzns-f02b13f6c3c9f362f0094c0137d4f38a img.avia_image{\nbox-shadow:none;\n}\n.avia-image-container.av-m231lzns-f02b13f6c3c9f362f0094c0137d4f38a .av-image-caption-overlay-center{\ncolor:#ffffff;\n}\n<\/style>\n<div  class='avia-image-container av-m231lzns-f02b13f6c3c9f362f0094c0137d4f38a av-styling- avia-align-center  avia-builder-el-9  avia-builder-el-no-sibling '   itemprop=\"image\" itemscope=\"itemscope\" itemtype=\"https:\/\/schema.org\/ImageObject\" ><div class=\"avia-image-container-inner\"><div class=\"avia-image-overlay-wrap\"><img decoding=\"async\" fetchpriority=\"high\" class='wp-image-624 avia-img-lazy-loading-not-624 avia_image ' src=\"https:\/\/ekinconsultoria.com\/webwp\/wp-content\/uploads\/2024\/10\/freni-a-pinza-coremo-copy-1.jpg\" alt='' title='La calidad:  clave del \u00e9xito empresarial'  height=\"357\" width=\"551\"  itemprop=\"thumbnailUrl\" srcset=\"https:\/\/ekinconsultoria.com\/webwp\/wp-content\/uploads\/2024\/10\/freni-a-pinza-coremo-copy-1.jpg 551w, https:\/\/ekinconsultoria.com\/webwp\/wp-content\/uploads\/2024\/10\/freni-a-pinza-coremo-copy-1-300x194.jpg 300w\" sizes=\"(max-width: 551px) 100vw, 551px\" \/><\/div><\/div><\/div><\/div><\/div><\/div><\/div><!-- close content main div --><\/div><\/div>\n<style type=\"text\/css\" data-created_by=\"avia_inline_auto\" id=\"style-css-av-4ytz3-052c38db9f047994cf2aade814dab8d6\">\n.avia-section.av-4ytz3-052c38db9f047994cf2aade814dab8d6{\nbackground-repeat:no-repeat;\nbackground-image:url(https:\/\/ekinconsultoria.com\/webwp\/wp-content\/uploads\/2024\/10\/fondo-beneficios.jpg);\nbackground-position:50% 50%;\nbackground-attachment:scroll;\n}\n<\/style>\n<div id='hacemos_int'  class='avia-section av-4ytz3-052c38db9f047994cf2aade814dab8d6 main_color avia-section-default avia-no-border-styling  avia-builder-el-10  el_after_av_section  avia-builder-el-last  avia-full-stretch avia-bg-style-scroll container_wrap sidebar_right'  data-section-bg-repeat='stretch'><div class='container av-section-cont-open' ><div class='template-page content  av-content-small alpha units'><div class='post-entry post-entry-type-page post-entry-776'><div class='entry-content-wrapper clearfix'>\n<div  class='flex_column av-49j3f-249b30a21aca8e8cd2cb93d85ee24f6f av_one_full  avia-builder-el-11  el_before_av_one_third  avia-builder-el-first  first flex_column_div  '     ><section  class='av_textblock_section av-m23235eg-e56b4132a02cf2f3aa19611e6afadd4e '   itemscope=\"itemscope\" itemtype=\"https:\/\/schema.org\/CreativeWork\" ><div class='avia_textblock'  itemprop=\"text\" ><h2 style=\"text-align: center;\">\u00bfQu\u00e9 hacemos?<\/h2>\n<\/div><\/section><\/div><div class='flex_column_table av-3oznz-23834cac4ba716e80c53ec81b3bb8d30 sc-av_one_third av-equal-height-column-flextable'>\n<style type=\"text\/css\" data-created_by=\"avia_inline_auto\" id=\"style-css-av-3oznz-23834cac4ba716e80c53ec81b3bb8d30\">\n.flex_column.av-3oznz-23834cac4ba716e80c53ec81b3bb8d30{\nwidth:30.333333333333%;\nmargin-left:0;\n}\n#top .flex_column_table.av-equal-height-column-flextable.av-3oznz-23834cac4ba716e80c53ec81b3bb8d30 .av-flex-placeholder{\nwidth:4.5%;\n}\n<\/style>\n<div  class='flex_column av-3oznz-23834cac4ba716e80c53ec81b3bb8d30 av_one_third  avia-builder-el-13  el_after_av_one_full  avia-builder-el-last  first flex_column_table_cell av-equal-height-column av-align-middle  column-top-margin'     ><section  class='av_textblock_section av-m2323ud5-30d3c7380741e6528725480a9789905e '   itemscope=\"itemscope\" itemtype=\"https:\/\/schema.org\/CreativeWork\" ><div class='avia_textblock'  itemprop=\"text\" ><p><a title=\"ISO 9001 Y SU IMPLANTACI\u00d3N\" href=\"https:\/\/ekinconsultoria.com\/iso-9001\/\"><img loading=\"lazy\" decoding=\"async\" class=\"aligncenter wp-image-107 size-full\" src=\"https:\/\/ekinconsultoria.com\/webwp\/wp-content\/uploads\/2024\/10\/adobe-stock-964669064.png\" alt=\"ISO 9001 Y SU IMPLANTACI\u00d3N\" width=\"265\" height=\"265\" srcset=\"https:\/\/ekinconsultoria.com\/webwp\/wp-content\/uploads\/2024\/10\/adobe-stock-964669064.png 265w, https:\/\/ekinconsultoria.com\/webwp\/wp-content\/uploads\/2024\/10\/adobe-stock-964669064-80x80.png 80w, https:\/\/ekinconsultoria.com\/webwp\/wp-content\/uploads\/2024\/10\/adobe-stock-964669064-36x36.png 36w, https:\/\/ekinconsultoria.com\/webwp\/wp-content\/uploads\/2024\/10\/adobe-stock-964669064-180x180.png 180w\" sizes=\"auto, (max-width: 265px) 100vw, 265px\" \/><\/a><\/p>\n<h3 style=\"text-align: center;\"><a title=\"ISO 9001 Y SU IMPLANTACI\u00d3N\" href=\"https:\/\/ekinconsultoria.com\/iso-45000\/\">ISO 45000<\/a><\/h3>\n<\/div><\/section><\/div><\/div><!--close column table wrapper. Autoclose: 1 --><\/div><\/div><\/div><!-- close content main div --><\/div><\/div><div id='after_section_4'  class='main_color av_default_container_wrap container_wrap sidebar_right'  ><div class='container av-section-cont-open' ><div class='template-page content  av-content-small alpha units'><div class='post-entry post-entry-type-page post-entry-776'><div class='entry-content-wrapper clearfix'><\/p>\n","protected":false},"excerpt":{"rendered":"","protected":false},"author":1,"featured_media":0,"parent":0,"menu_order":0,"comment_status":"closed","ping_status":"closed","template":"","meta":{"footnotes":""},"class_list":["post-776","page","type-page","status-publish","hentry"],"yoast_head":"<!-- This site is optimized with the Yoast SEO plugin v27.4 - https:\/\/yoast.com\/product\/yoast-seo-wordpress\/ -->\n<title>Seguridad - EKIN<\/title>\n<meta name=\"robots\" content=\"index, follow, max-snippet:-1, max-image-preview:large, max-video-preview:-1\" \/>\n<link rel=\"canonical\" href=\"https:\/\/ekinconsultoria.com\/eu\/seguridad\/\" \/>\n<meta property=\"og:locale\" content=\"eu_ES\" \/>\n<meta property=\"og:type\" content=\"article\" \/>\n<meta property=\"og:title\" content=\"Seguridad - EKIN\" \/>\n<meta property=\"og:url\" content=\"https:\/\/ekinconsultoria.com\/eu\/seguridad\/\" \/>\n<meta property=\"og:site_name\" content=\"EKIN\" \/>\n<meta property=\"og:image\" content=\"https:\/\/ekinconsultoria.com\/webwp\/wp-content\/uploads\/2024\/10\/adobe-stock-964669064.png\" \/>\n<meta name=\"twitter:card\" content=\"summary_large_image\" \/>\n<meta name=\"twitter:label1\" content=\"Est. reading time\" \/>\n\t<meta name=\"twitter:data1\" content=\"23 minutes\" \/>\n<script type=\"application\/ld+json\" class=\"yoast-schema-graph\">{\"@context\":\"https:\\\/\\\/schema.org\",\"@graph\":[{\"@type\":\"WebPage\",\"@id\":\"https:\\\/\\\/ekinconsultoria.com\\\/eu\\\/seguridad\\\/\",\"url\":\"https:\\\/\\\/ekinconsultoria.com\\\/eu\\\/seguridad\\\/\",\"name\":\"Seguridad - EKIN\",\"isPartOf\":{\"@id\":\"https:\\\/\\\/ekinconsultoria.com\\\/eu\\\/#website\"},\"primaryImageOfPage\":{\"@id\":\"https:\\\/\\\/ekinconsultoria.com\\\/eu\\\/seguridad\\\/#primaryimage\"},\"image\":{\"@id\":\"https:\\\/\\\/ekinconsultoria.com\\\/eu\\\/seguridad\\\/#primaryimage\"},\"thumbnailUrl\":\"https:\\\/\\\/ekinconsultoria.com\\\/webwp\\\/wp-content\\\/uploads\\\/2024\\\/10\\\/adobe-stock-964669064.png\",\"datePublished\":\"2024-12-10T10:38:09+00:00\",\"breadcrumb\":{\"@id\":\"https:\\\/\\\/ekinconsultoria.com\\\/eu\\\/seguridad\\\/#breadcrumb\"},\"inLanguage\":\"eu-ES\",\"potentialAction\":[{\"@type\":\"ReadAction\",\"target\":[\"https:\\\/\\\/ekinconsultoria.com\\\/eu\\\/seguridad\\\/\"]}]},{\"@type\":\"ImageObject\",\"inLanguage\":\"eu-ES\",\"@id\":\"https:\\\/\\\/ekinconsultoria.com\\\/eu\\\/seguridad\\\/#primaryimage\",\"url\":\"https:\\\/\\\/ekinconsultoria.com\\\/webwp\\\/wp-content\\\/uploads\\\/2024\\\/10\\\/adobe-stock-964669064.png\",\"contentUrl\":\"https:\\\/\\\/ekinconsultoria.com\\\/webwp\\\/wp-content\\\/uploads\\\/2024\\\/10\\\/adobe-stock-964669064.png\"},{\"@type\":\"BreadcrumbList\",\"@id\":\"https:\\\/\\\/ekinconsultoria.com\\\/eu\\\/seguridad\\\/#breadcrumb\",\"itemListElement\":[{\"@type\":\"ListItem\",\"position\":1,\"name\":\"Portada\",\"item\":\"https:\\\/\\\/ekinconsultoria.com\\\/eu\\\/inicio\\\/\"},{\"@type\":\"ListItem\",\"position\":2,\"name\":\"Seguridad\"}]},{\"@type\":\"WebSite\",\"@id\":\"https:\\\/\\\/ekinconsultoria.com\\\/eu\\\/#website\",\"url\":\"https:\\\/\\\/ekinconsultoria.com\\\/eu\\\/\",\"name\":\"EKIN\",\"description\":\"Consultor\u00eda estrat\u00e9gica empresarial en Bilbao\",\"potentialAction\":[{\"@type\":\"SearchAction\",\"target\":{\"@type\":\"EntryPoint\",\"urlTemplate\":\"https:\\\/\\\/ekinconsultoria.com\\\/eu\\\/?s={search_term_string}\"},\"query-input\":{\"@type\":\"PropertyValueSpecification\",\"valueRequired\":true,\"valueName\":\"search_term_string\"}}],\"inLanguage\":\"eu-ES\"}]}<\/script>\n<!-- \/ Yoast SEO plugin. -->","yoast_head_json":{"title":"Seguridad - EKIN","robots":{"index":"index","follow":"follow","max-snippet":"max-snippet:-1","max-image-preview":"max-image-preview:large","max-video-preview":"max-video-preview:-1"},"canonical":"https:\/\/ekinconsultoria.com\/eu\/seguridad\/","og_locale":"eu_ES","og_type":"article","og_title":"Seguridad - EKIN","og_url":"https:\/\/ekinconsultoria.com\/eu\/seguridad\/","og_site_name":"EKIN","og_image":[{"url":"https:\/\/ekinconsultoria.com\/webwp\/wp-content\/uploads\/2024\/10\/adobe-stock-964669064.png","type":"","width":"","height":""}],"twitter_card":"summary_large_image","twitter_misc":{"Est. reading time":"23 minutes"},"schema":{"@context":"https:\/\/schema.org","@graph":[{"@type":"WebPage","@id":"https:\/\/ekinconsultoria.com\/eu\/seguridad\/","url":"https:\/\/ekinconsultoria.com\/eu\/seguridad\/","name":"Seguridad - EKIN","isPartOf":{"@id":"https:\/\/ekinconsultoria.com\/eu\/#website"},"primaryImageOfPage":{"@id":"https:\/\/ekinconsultoria.com\/eu\/seguridad\/#primaryimage"},"image":{"@id":"https:\/\/ekinconsultoria.com\/eu\/seguridad\/#primaryimage"},"thumbnailUrl":"https:\/\/ekinconsultoria.com\/webwp\/wp-content\/uploads\/2024\/10\/adobe-stock-964669064.png","datePublished":"2024-12-10T10:38:09+00:00","breadcrumb":{"@id":"https:\/\/ekinconsultoria.com\/eu\/seguridad\/#breadcrumb"},"inLanguage":"eu-ES","potentialAction":[{"@type":"ReadAction","target":["https:\/\/ekinconsultoria.com\/eu\/seguridad\/"]}]},{"@type":"ImageObject","inLanguage":"eu-ES","@id":"https:\/\/ekinconsultoria.com\/eu\/seguridad\/#primaryimage","url":"https:\/\/ekinconsultoria.com\/webwp\/wp-content\/uploads\/2024\/10\/adobe-stock-964669064.png","contentUrl":"https:\/\/ekinconsultoria.com\/webwp\/wp-content\/uploads\/2024\/10\/adobe-stock-964669064.png"},{"@type":"BreadcrumbList","@id":"https:\/\/ekinconsultoria.com\/eu\/seguridad\/#breadcrumb","itemListElement":[{"@type":"ListItem","position":1,"name":"Portada","item":"https:\/\/ekinconsultoria.com\/eu\/inicio\/"},{"@type":"ListItem","position":2,"name":"Seguridad"}]},{"@type":"WebSite","@id":"https:\/\/ekinconsultoria.com\/eu\/#website","url":"https:\/\/ekinconsultoria.com\/eu\/","name":"EKIN","description":"Consultor\u00eda estrat\u00e9gica empresarial en Bilbao","potentialAction":[{"@type":"SearchAction","target":{"@type":"EntryPoint","urlTemplate":"https:\/\/ekinconsultoria.com\/eu\/?s={search_term_string}"},"query-input":{"@type":"PropertyValueSpecification","valueRequired":true,"valueName":"search_term_string"}}],"inLanguage":"eu-ES"}]}},"_links":{"self":[{"href":"https:\/\/ekinconsultoria.com\/eu\/wp-json\/wp\/v2\/pages\/776","targetHints":{"allow":["GET"]}}],"collection":[{"href":"https:\/\/ekinconsultoria.com\/eu\/wp-json\/wp\/v2\/pages"}],"about":[{"href":"https:\/\/ekinconsultoria.com\/eu\/wp-json\/wp\/v2\/types\/page"}],"author":[{"embeddable":true,"href":"https:\/\/ekinconsultoria.com\/eu\/wp-json\/wp\/v2\/users\/1"}],"replies":[{"embeddable":true,"href":"https:\/\/ekinconsultoria.com\/eu\/wp-json\/wp\/v2\/comments?post=776"}],"version-history":[{"count":0,"href":"https:\/\/ekinconsultoria.com\/eu\/wp-json\/wp\/v2\/pages\/776\/revisions"}],"wp:attachment":[{"href":"https:\/\/ekinconsultoria.com\/eu\/wp-json\/wp\/v2\/media?parent=776"}],"curies":[{"name":"wp","href":"https:\/\/api.w.org\/{rel}","templated":true}]}}