{"id":772,"date":"2024-10-10T09:57:53","date_gmt":"2024-10-10T07:57:53","guid":{"rendered":"https:\/\/ekinconsultoria.com\/politica-privacidad\/"},"modified":"2025-01-10T10:23:17","modified_gmt":"2025-01-10T09:23:17","slug":"pribatutasun-politika","status":"publish","type":"page","link":"https:\/\/ekinconsultoria.com\/eu\/pribatutasun-politika\/","title":{"rendered":"Pribatutasun-politika"},"content":{"rendered":"<h1>Pribatutasun-politika<\/h1>\r\nPribatutasun-politika honen bidez, <a>EKIN CONSULTOR\u00cdA S.C.<\/a> erakundeak interesdunei jakinarazten die web orri honen bidez, telefonoz edo gure edozein formularioen bidez bildutako datu pertsonalen tratamenduari buruzko alderdi garrantzitsuenak, baita nabigazio eta kontsumo ohituretatik eratorritako datuak ere.\r\n\r\nIldo honetan, EKIN CONSULTOR\u00cdA S.C.-k datu pertsonalen babesari buruz indarrean dagoen araudia betetzea bermatzen du, 2016ko apirilaren 27ko Europako Parlamentuaren eta Kontseiluaren (EB) 2016\/679 Erregelamenduan islatutakoa, datu pertsonalen tratamenduari eta datu horien zirkulazio askeari dagokienez pertsona fisikoen babesa eta 2018ko abenduaren 5eko 3\/2018 Lege Organikoan ezarritakoa, Datu Pertsonalen Babesari eta Eskubide Digitalen Bermeari buruzkoa.\r\n\r\nErregistro-formularioak betetzea ezinbestekoa da webguneko zenbait eduki eskuratu eta gozatzeko. Eskatutako datu pertsonalak ez emateak edo datuen babesaren politika hau ez onartzeak, datu pertsonalak eskatzen diren zerbitzuetan harpidetzea, erregistratzea edo parte hartzea ezinezkoa egiten du.\r\n\r\n<strong>Nor da Datuen Tratamenduaren arduraduna?<\/strong>\r\n\r\nZure datu pertsonalen tratamenduaren arduraduna hau da:\r\n<ul class=\"wp-block-list\">\r\n \t<li>Sozietatearen izena: EKIN CONSULTOR\u00cdA S.C.<\/li>\r\n \t<li>IFK: J01518034<\/li>\r\n \t<li>Helbidea: Armurubenta n\u00ba3, behe-solairua.<\/li>\r\n \t<li>Posta elektronikoaren helbidea: s.lana@ekinconsultoria.com<\/li>\r\n \t<li>Telefono zenbakia: 660 366 592<\/li>\r\n<\/ul>\r\n<strong>Zertarako tratatzen ditugu zure datu pertsonalak?<\/strong>\r\n\r\nZuk emandako datuak eskatu duzun zerbitzua bermatzeko beharrezkoak dira, eta honako helburu honekin tratatuko dira:\r\n<ul class=\"wp-block-list\">\r\n \t<li>Barne eta kanpo komunikazioen kudeaketa.<\/li>\r\n<\/ul>\r\n<strong>Zure datuak zenbat denboraz gordeko ditugu?<\/strong>\r\n\r\nZure datu pertsonalak gure harremana amaitu arte gordeko dira, eta ondoren legez ezarritako epeetan zehar.\r\n\r\n<strong>Zer legitimazio dugu zure datuak tratatzeko?<\/strong>\r\n\r\nZure datuak tratatzeko oinarri legala interesdunak bere kontaktu-datuak ematean eta Pribatutasun-politika hau onartzean emandako baimena da.\r\n\r\n<strong>Nori jakinaraziko zaizkio zure datuak?<\/strong>\r\n\r\nZure datuak ez zaizkie hirugarrenei lagako, legezko betebehar bat izan ezik.\r\n\r\n<strong>Zer eskubide dituzu zure datuak ematen dizkiguzunean?<\/strong>\r\n\r\nEskubide hauek erabiltzeko eskaera egin dezakezu: sartzea, zuzentzea, ezabatzea, tratamenduaren mugatzea, aurka egitea edo zure datuen eramangarritasuna eskubidea. Eskaera hau gure bulegoen helbidera bidaliz egin dezakezu, erabiltzea nahi duzun eskubidea zehaztuz.\r\n\r\nEra berean, emandako baimena edozein unetan kentzeko eskubidea izango duzu. Baimena kentzeak ez du eragingo baimena kendu aurretik egindako tratamenduaren zilegitasuna.\r\n\r\nZure datu pertsonalen babesari dagokionez zure eskubideak urratuak izan direla uste baduzu, kontrol-agintaritzan erreklamazioa aurkezteko eskubidea duzu.\r\n\r\n<strong>Adingabeak<\/strong> 14 urtetik beherakoei jakinarazten zaie gurasoen edo legezko tutoreen baimena behar dutela gure webgunean datu pertsonalak emateko.\r\n\r\n\r\n\r\n\r\n&nbsp;<!-- \/wp:post-content -->","protected":false},"excerpt":{"rendered":"<p>Pribatutasun-politika Pribatutasun-politika honen bidez, EKIN CONSULTOR\u00cdA S.C. erakundeak interesdunei jakinarazten die web orri honen bidez, telefonoz edo gure [&hellip;]<\/p>\n","protected":false},"author":1,"featured_media":0,"parent":0,"menu_order":0,"comment_status":"closed","ping_status":"open","template":"","meta":{"footnotes":""},"class_list":["post-772","page","type-page","status-publish","hentry"],"yoast_head":"<!-- This site is optimized with the Yoast SEO plugin v27.4 - https:\/\/yoast.com\/product\/yoast-seo-wordpress\/ -->\n<title>Pribatutasun-politika - EKIN<\/title>\n<meta name=\"description\" content=\"Consulta c\u00f3mo EKIN Consultor\u00eda gestiona tus datos personales seg\u00fan la normativa vigente de protecci\u00f3n de datos.\" \/>\n<meta name=\"robots\" content=\"index, follow, max-snippet:-1, max-image-preview:large, max-video-preview:-1\" \/>\n<link rel=\"canonical\" href=\"https:\/\/ekinconsultoria.com\/eu\/pribatutasun-politika\/\" \/>\n<meta property=\"og:locale\" content=\"eu_ES\" \/>\n<meta property=\"og:type\" content=\"article\" \/>\n<meta property=\"og:title\" content=\"Pribatutasun-politika - EKIN\" \/>\n<meta property=\"og:description\" content=\"Consulta c\u00f3mo EKIN Consultor\u00eda gestiona tus datos personales seg\u00fan la normativa vigente de protecci\u00f3n de datos.\" \/>\n<meta property=\"og:url\" content=\"https:\/\/ekinconsultoria.com\/eu\/pribatutasun-politika\/\" \/>\n<meta property=\"og:site_name\" content=\"EKIN\" \/>\n<meta property=\"article:modified_time\" content=\"2025-01-10T09:23:17+00:00\" \/>\n<meta name=\"twitter:card\" content=\"summary_large_image\" \/>\n<script type=\"application\/ld+json\" class=\"yoast-schema-graph\">{\"@context\":\"https:\\\/\\\/schema.org\",\"@graph\":[{\"@type\":\"WebPage\",\"@id\":\"https:\\\/\\\/ekinconsultoria.com\\\/eu\\\/pribatutasun-politika\\\/\",\"url\":\"https:\\\/\\\/ekinconsultoria.com\\\/eu\\\/pribatutasun-politika\\\/\",\"name\":\"Pribatutasun-politika - EKIN\",\"isPartOf\":{\"@id\":\"https:\\\/\\\/ekinconsultoria.com\\\/eu\\\/#website\"},\"datePublished\":\"2024-10-10T07:57:53+00:00\",\"dateModified\":\"2025-01-10T09:23:17+00:00\",\"description\":\"Consulta c\u00f3mo EKIN Consultor\u00eda gestiona tus datos personales seg\u00fan la normativa vigente de protecci\u00f3n de datos.\",\"breadcrumb\":{\"@id\":\"https:\\\/\\\/ekinconsultoria.com\\\/eu\\\/pribatutasun-politika\\\/#breadcrumb\"},\"inLanguage\":\"eu-ES\",\"potentialAction\":[{\"@type\":\"ReadAction\",\"target\":[\"https:\\\/\\\/ekinconsultoria.com\\\/eu\\\/pribatutasun-politika\\\/\"]}]},{\"@type\":\"BreadcrumbList\",\"@id\":\"https:\\\/\\\/ekinconsultoria.com\\\/eu\\\/pribatutasun-politika\\\/#breadcrumb\",\"itemListElement\":[{\"@type\":\"ListItem\",\"position\":1,\"name\":\"Portada\",\"item\":\"https:\\\/\\\/ekinconsultoria.com\\\/eu\\\/inicio\\\/\"},{\"@type\":\"ListItem\",\"position\":2,\"name\":\"Pribatutasun-politika\"}]},{\"@type\":\"WebSite\",\"@id\":\"https:\\\/\\\/ekinconsultoria.com\\\/eu\\\/#website\",\"url\":\"https:\\\/\\\/ekinconsultoria.com\\\/eu\\\/\",\"name\":\"EKIN\",\"description\":\"Consultor\u00eda estrat\u00e9gica empresarial en Bilbao\",\"potentialAction\":[{\"@type\":\"SearchAction\",\"target\":{\"@type\":\"EntryPoint\",\"urlTemplate\":\"https:\\\/\\\/ekinconsultoria.com\\\/eu\\\/?s={search_term_string}\"},\"query-input\":{\"@type\":\"PropertyValueSpecification\",\"valueRequired\":true,\"valueName\":\"search_term_string\"}}],\"inLanguage\":\"eu-ES\"}]}<\/script>\n<!-- \/ Yoast SEO plugin. -->","yoast_head_json":{"title":"Pribatutasun-politika - EKIN","description":"Consulta c\u00f3mo EKIN Consultor\u00eda gestiona tus datos personales seg\u00fan la normativa vigente de protecci\u00f3n de datos.","robots":{"index":"index","follow":"follow","max-snippet":"max-snippet:-1","max-image-preview":"max-image-preview:large","max-video-preview":"max-video-preview:-1"},"canonical":"https:\/\/ekinconsultoria.com\/eu\/pribatutasun-politika\/","og_locale":"eu_ES","og_type":"article","og_title":"Pribatutasun-politika - EKIN","og_description":"Consulta c\u00f3mo EKIN Consultor\u00eda gestiona tus datos personales seg\u00fan la normativa vigente de protecci\u00f3n de datos.","og_url":"https:\/\/ekinconsultoria.com\/eu\/pribatutasun-politika\/","og_site_name":"EKIN","article_modified_time":"2025-01-10T09:23:17+00:00","twitter_card":"summary_large_image","schema":{"@context":"https:\/\/schema.org","@graph":[{"@type":"WebPage","@id":"https:\/\/ekinconsultoria.com\/eu\/pribatutasun-politika\/","url":"https:\/\/ekinconsultoria.com\/eu\/pribatutasun-politika\/","name":"Pribatutasun-politika - EKIN","isPartOf":{"@id":"https:\/\/ekinconsultoria.com\/eu\/#website"},"datePublished":"2024-10-10T07:57:53+00:00","dateModified":"2025-01-10T09:23:17+00:00","description":"Consulta c\u00f3mo EKIN Consultor\u00eda gestiona tus datos personales seg\u00fan la normativa vigente de protecci\u00f3n de datos.","breadcrumb":{"@id":"https:\/\/ekinconsultoria.com\/eu\/pribatutasun-politika\/#breadcrumb"},"inLanguage":"eu-ES","potentialAction":[{"@type":"ReadAction","target":["https:\/\/ekinconsultoria.com\/eu\/pribatutasun-politika\/"]}]},{"@type":"BreadcrumbList","@id":"https:\/\/ekinconsultoria.com\/eu\/pribatutasun-politika\/#breadcrumb","itemListElement":[{"@type":"ListItem","position":1,"name":"Portada","item":"https:\/\/ekinconsultoria.com\/eu\/inicio\/"},{"@type":"ListItem","position":2,"name":"Pribatutasun-politika"}]},{"@type":"WebSite","@id":"https:\/\/ekinconsultoria.com\/eu\/#website","url":"https:\/\/ekinconsultoria.com\/eu\/","name":"EKIN","description":"Consultor\u00eda estrat\u00e9gica empresarial en Bilbao","potentialAction":[{"@type":"SearchAction","target":{"@type":"EntryPoint","urlTemplate":"https:\/\/ekinconsultoria.com\/eu\/?s={search_term_string}"},"query-input":{"@type":"PropertyValueSpecification","valueRequired":true,"valueName":"search_term_string"}}],"inLanguage":"eu-ES"}]}},"_links":{"self":[{"href":"https:\/\/ekinconsultoria.com\/eu\/wp-json\/wp\/v2\/pages\/772","targetHints":{"allow":["GET"]}}],"collection":[{"href":"https:\/\/ekinconsultoria.com\/eu\/wp-json\/wp\/v2\/pages"}],"about":[{"href":"https:\/\/ekinconsultoria.com\/eu\/wp-json\/wp\/v2\/types\/page"}],"author":[{"embeddable":true,"href":"https:\/\/ekinconsultoria.com\/eu\/wp-json\/wp\/v2\/users\/1"}],"replies":[{"embeddable":true,"href":"https:\/\/ekinconsultoria.com\/eu\/wp-json\/wp\/v2\/comments?post=772"}],"version-history":[{"count":1,"href":"https:\/\/ekinconsultoria.com\/eu\/wp-json\/wp\/v2\/pages\/772\/revisions"}],"predecessor-version":[{"id":848,"href":"https:\/\/ekinconsultoria.com\/eu\/wp-json\/wp\/v2\/pages\/772\/revisions\/848"}],"wp:attachment":[{"href":"https:\/\/ekinconsultoria.com\/eu\/wp-json\/wp\/v2\/media?parent=772"}],"curies":[{"name":"wp","href":"https:\/\/api.w.org\/{rel}","templated":true}]}}