{"id":754,"date":"2024-10-15T08:39:48","date_gmt":"2024-10-15T06:39:48","guid":{"rendered":"https:\/\/ekinconsultoria.com\/igualdad-empresa\/diagnosticos-planes-igualdad\/"},"modified":"2025-01-10T09:27:56","modified_gmt":"2025-01-10T08:27:56","slug":"berdintasun-diagnostikoak-eta-planak","status":"publish","type":"page","link":"https:\/\/ekinconsultoria.com\/eu\/berdintasuna\/berdintasun-diagnostikoak-eta-planak\/","title":{"rendered":"Berdintasun diagnostikoak eta planak"},"content":{"rendered":"\n<style type=\"text\/css\" data-created_by=\"avia_inline_auto\" id=\"style-css-av-m231gmz5-109a5e3f772661372a812ef4802b33de\">\n.avia-section.av-m231gmz5-109a5e3f772661372a812ef4802b33de{\nbackground-repeat:no-repeat;\nbackground-image:url(https:\/\/ekinconsultoria.com\/webwp\/wp-content\/uploads\/2024\/10\/slider-coremo-13.jpg);\nbackground-position:50% 50%;\nbackground-attachment:scroll;\n}\n<\/style>\n<div id='cabecera_ints'  class='avia-section av-m231gmz5-109a5e3f772661372a812ef4802b33de main_color avia-section-default avia-no-border-styling  avia-builder-el-0  el_before_av_section  avia-builder-el-first  avia-full-stretch avia-bg-style-scroll av-minimum-height av-minimum-height-custom av-height-custom  container_wrap sidebar_right'  data-section-bg-repeat='stretch' data-av_minimum_height_px='300'><div class='container av-section-cont-open' style='height:300px'><main  role=\"main\" itemprop=\"mainContentOfPage\"  class='template-page content  av-content-small alpha units'><div class='post-entry post-entry-type-page post-entry-754'><div class='entry-content-wrapper clearfix'>\n<div  class='flex_column av-2389n-88009a06cc3e11aaf2611f943ad56fa6 av_one_half  avia-builder-el-1  avia-builder-el-no-sibling  first flex_column_div  '     ><section  class='av_textblock_section av-m231jbtv-930ec3dc7a2cbbfbdb97dc49fc9c5f98 '   itemscope=\"itemscope\" itemtype=\"https:\/\/schema.org\/CreativeWork\" ><div class='avia_textblock'  itemprop=\"text\" ><h1>Berdintasun diagnostikoak eta planak<\/h1>\n<\/div><\/section><\/div><\/div><\/div><\/main><!-- close content main element --><\/div><\/div><div id='bread_cont'  class='avia-section av-m28ufyaj-7e4bf21a0a768657cc57c8fcea754e9d main_color avia-section-small avia-no-border-styling  avia-builder-el-3  el_after_av_section  el_before_av_section  avia-bg-style-scroll container_wrap sidebar_right'  ><div class='container av-section-cont-open' ><div class='template-page content  av-content-small alpha units'><div class='post-entry post-entry-type-page post-entry-754'><div class='entry-content-wrapper clearfix'>\n<section  class='av_textblock_section av-m28ug5w1-ea768f28ec0a91ab6247d48e531127f0 '   itemscope=\"itemscope\" itemtype=\"https:\/\/schema.org\/CreativeWork\" ><div class='avia_textblock'  itemprop=\"text\" ><span><span><a href=\"https:\/\/ekinconsultoria.com\/eu\/inicio\/\">Portada<\/a><\/span><\/span>\n<\/div><\/section>\n<\/p>\n<\/div><\/div><\/div><!-- close content main div --><\/div><\/div>\n<style type=\"text\/css\" data-created_by=\"avia_inline_auto\" id=\"style-css-av-m231kiqh-a3ac049d5527915b0cfc11d8f6140c79\">\n.avia-section.av-m231kiqh-a3ac049d5527915b0cfc11d8f6140c79{\nbackground-repeat:no-repeat;\nbackground-image:url(https:\/\/ekinconsultoria.com\/webwp\/wp-content\/uploads\/2024\/10\/grupo-2-2.png);\nbackground-position:100% 0%;\nbackground-attachment:scroll;\n}\n<\/style>\n<div id='av_section_3'  class='avia-section av-m231kiqh-a3ac049d5527915b0cfc11d8f6140c79 main_color avia-section-default avia-no-border-styling  avia-builder-el-5  el_after_av_section  avia-builder-el-last  igualdad_cont avia-bg-style-scroll container_wrap sidebar_right'  data-section-bg-repeat='no-repeat'><div class='container av-section-cont-open' ><div class='template-page content  av-content-small alpha units'><div class='post-entry post-entry-type-page post-entry-754'><div class='entry-content-wrapper clearfix'>\n<div  class='flex_column av-15ezf-c1621fd2cbf238f768b972fc4f99035f av_three_fifth  avia-builder-el-6  avia-builder-el-no-sibling  first flex_column_div  '     ><p><section  class='av_textblock_section av-m231myb6-dca16b1e54cfd0b1e3345f3e59729024 '   itemscope=\"itemscope\" itemtype=\"https:\/\/schema.org\/CreativeWork\" ><div class='avia_textblock'  itemprop=\"text\" ><p>Ekin Aholkularitza Emakundek homologatutako aholkularitza-erakundea gara, emakumeen eta gizonen arteko berdintasunari buruzko egoeraren diagnostikoak eta berdintasun planak egiteko.<\/p>\n<p>Diagnostikoa eta berdintasun plana tresna giltzarriak dira erakunde batean genero-berdintasuna sustatzeko.<\/p>\n<\/div><\/section><br \/>\n<div  class='togglecontainer av-m2a2ow62-92d1d0e380642811435fb8585c8bdddd av-minimal-toggle  avia-builder-el-8  el_after_av_textblock  avia-builder-el-last  toggle_close_all' >\n<section class='av_toggle_section av-m2a2o54l-1a45e5fe3b965a365e3739404c722145'  itemscope=\"itemscope\" itemtype=\"https:\/\/schema.org\/CreativeWork\" ><div role=\"tablist\" class=\"single_toggle\" data-tags=\"{All} \"  ><h2 id='toggle-toggle-id-1' data-fake-id='#toggle-id-1' class='toggler  av-title-above '  itemprop=\"headline\"  role='tab' tabindex='0' aria-controls='toggle-id-1' data-slide-speed=\"200\" data-title=\"Berdintasunaren Diagnostikoa\" data-title-open=\"\" data-aria_collapsed=\"Click to expand: Berdintasunaren Diagnostikoa\" data-aria_expanded=\"Click to collapse: Berdintasunaren Diagnostikoa\">Berdintasunaren Diagnostikoa<span class=\"toggle_icon\"><span class=\"vert_icon\"><\/span><span class=\"hor_icon\"><\/span><\/span><\/h2><div id='toggle-id-1' aria-labelledby='toggle-toggle-id-1' role='region' class='toggle_wrap  av-title-above'  ><div class='toggle_content invers-color '  itemprop=\"text\" ><p>Berdintasunaren diagnostikoa erakunde baten barruan egiten den azterketa sakona da, genero-berdintasunari dagokionez egungo egoera ebaluatzeko. Helburua desberdintasunak, oztopoak eta hobekuntza-aukerak identifikatzea da. Diagnostikoa egiteko urratsak hauek izan ohi dira:<\/p>\n<ul>\n<li><strong>Datuen bilketa:<\/strong> Datu kuantitatiboak eta kualitatiboak jasotzen dira langileen osaerari, ordainsariei, sustapenei, formazioari, lana eta familia bateratzeari, jazarpenari, etab. buruz.<\/li>\n<li><strong>Informazioaren analisia:<\/strong> Gizon eta emakumeen datuak alderatzen dira balizko arrakala edo desberdintasunak identifikatzeko.<br \/>\nInkestak eta elkarrizketak: Inkesta edo elkarrizketa osagarriak egin daitezke langileei, enpresaren barruan berdintasunari buruzko pertzepzioak eta esperientziak jasotzeko.<\/li>\n<li><strong>Hobekuntza-eremuak identifikatzea:<\/strong> Lortutako informazioarekin, berdintasuna sustatzeko ekintza zuzentzaileak ezarri behar diren eremuak identifikatzen dira.<\/li>\n<\/ul>\n<\/div><\/div><\/div><\/section>\n<section class='av_toggle_section av-m2a2o54l-2-fc96102f641e3360bc6ed6c78cb1d1a8'  itemscope=\"itemscope\" itemtype=\"https:\/\/schema.org\/CreativeWork\" ><div role=\"tablist\" class=\"single_toggle\" data-tags=\"{All} \"  ><h2 id='toggle-toggle-id-2' data-fake-id='#toggle-id-2' class='toggler  av-title-above '  itemprop=\"headline\"  role='tab' tabindex='0' aria-controls='toggle-id-2' data-slide-speed=\"200\" data-title=\"Berdintasun Plana\" data-title-open=\"\" data-aria_collapsed=\"Click to expand: Berdintasun Plana\" data-aria_expanded=\"Click to collapse: Berdintasun Plana\">Berdintasun Plana<span class=\"toggle_icon\"><span class=\"vert_icon\"><\/span><span class=\"hor_icon\"><\/span><\/span><\/h2><div id='toggle-id-2' aria-labelledby='toggle-toggle-id-2' role='region' class='toggle_wrap  av-title-above'  ><div class='toggle_content invers-color '  itemprop=\"text\" ><p>ccccccccccccccccccccccccccccccc<\/p>\n<\/div><\/div><\/div><\/section>\n<section class='av_toggle_section av-m2a2o54l-1-2c8a353ca4802fa2b09200616d49f897'  itemscope=\"itemscope\" itemtype=\"https:\/\/schema.org\/CreativeWork\" ><div role=\"tablist\" class=\"single_toggle\" data-tags=\"{All} \"  ><h2 id='toggle-toggle-id-3' data-fake-id='#toggle-id-3' class='toggler  av-title-above '  itemprop=\"headline\"  role='tab' tabindex='0' aria-controls='toggle-id-3' data-slide-speed=\"200\" data-title=\"Ezarpena eta Jarraipena\" data-title-open=\"\" data-aria_collapsed=\"Click to expand: Ezarpena eta Jarraipena\" data-aria_expanded=\"Click to collapse: Ezarpena eta Jarraipena\">Ezarpena eta Jarraipena<span class=\"toggle_icon\"><span class=\"vert_icon\"><\/span><span class=\"hor_icon\"><\/span><\/span><\/h2><div id='toggle-id-3' aria-labelledby='toggle-toggle-id-3' role='region' class='toggle_wrap  av-title-above'  ><div class='toggle_content invers-color '  itemprop=\"text\" ><p>xxxxxxxxxxxxxxxxxxxxxxxxxxxxxx<\/p>\n<\/div><\/div><\/div><\/section>\n<\/div><\/p><\/div><\/div><\/div><\/div><!-- close content main div --><\/div><\/div><div id='after_section_3'  class='main_color av_default_container_wrap container_wrap sidebar_right'  ><div class='container av-section-cont-open' ><div class='template-page content  av-content-small alpha units'><div class='post-entry post-entry-type-page post-entry-754'><div class='entry-content-wrapper clearfix'>\n","protected":false},"excerpt":{"rendered":"","protected":false},"author":1,"featured_media":0,"parent":752,"menu_order":0,"comment_status":"closed","ping_status":"closed","template":"","meta":{"footnotes":""},"class_list":["post-754","page","type-page","status-publish","hentry"],"yoast_head":"<!-- This site is optimized with the Yoast SEO plugin v27.4 - https:\/\/yoast.com\/product\/yoast-seo-wordpress\/ -->\n<title>Berdintasun diagnostikoak eta planak - EKIN<\/title>\n<meta name=\"description\" content=\"EKIN Consultor\u00eda, homologada por Emakunde, realiza diagn\u00f3sticos y planes de igualdad para promover la igualdad de g\u00e9nero en las organizaciones.\" \/>\n<meta name=\"robots\" content=\"index, follow, max-snippet:-1, max-image-preview:large, max-video-preview:-1\" \/>\n<link rel=\"canonical\" href=\"https:\/\/ekinconsultoria.com\/eu\/berdintasuna\/berdintasun-diagnostikoak-eta-planak\/\" \/>\n<meta property=\"og:locale\" content=\"eu_ES\" \/>\n<meta property=\"og:type\" content=\"article\" \/>\n<meta property=\"og:title\" content=\"Berdintasun diagnostikoak eta planak - EKIN\" \/>\n<meta property=\"og:description\" content=\"EKIN Consultor\u00eda, homologada por Emakunde, realiza diagn\u00f3sticos y planes de igualdad para promover la igualdad de g\u00e9nero en las organizaciones.\" \/>\n<meta property=\"og:url\" content=\"https:\/\/ekinconsultoria.com\/eu\/berdintasuna\/berdintasun-diagnostikoak-eta-planak\/\" \/>\n<meta property=\"og:site_name\" content=\"EKIN\" \/>\n<meta property=\"article:modified_time\" content=\"2025-01-10T08:27:56+00:00\" \/>\n<meta name=\"twitter:card\" content=\"summary_large_image\" \/>\n<meta name=\"twitter:label1\" content=\"Est. reading time\" \/>\n\t<meta name=\"twitter:data1\" content=\"1 minute\" \/>\n<script type=\"application\/ld+json\" class=\"yoast-schema-graph\">{\"@context\":\"https:\\\/\\\/schema.org\",\"@graph\":[{\"@type\":\"WebPage\",\"@id\":\"https:\\\/\\\/ekinconsultoria.com\\\/eu\\\/berdintasuna\\\/berdintasun-diagnostikoak-eta-planak\\\/\",\"url\":\"https:\\\/\\\/ekinconsultoria.com\\\/eu\\\/berdintasuna\\\/berdintasun-diagnostikoak-eta-planak\\\/\",\"name\":\"Berdintasun diagnostikoak eta planak - EKIN\",\"isPartOf\":{\"@id\":\"https:\\\/\\\/ekinconsultoria.com\\\/eu\\\/#website\"},\"datePublished\":\"2024-10-15T06:39:48+00:00\",\"dateModified\":\"2025-01-10T08:27:56+00:00\",\"description\":\"EKIN Consultor\u00eda, homologada por Emakunde, realiza diagn\u00f3sticos y planes de igualdad para promover la igualdad de g\u00e9nero en las organizaciones.\",\"breadcrumb\":{\"@id\":\"https:\\\/\\\/ekinconsultoria.com\\\/eu\\\/berdintasuna\\\/berdintasun-diagnostikoak-eta-planak\\\/#breadcrumb\"},\"inLanguage\":\"eu-ES\",\"potentialAction\":[{\"@type\":\"ReadAction\",\"target\":[\"https:\\\/\\\/ekinconsultoria.com\\\/eu\\\/berdintasuna\\\/berdintasun-diagnostikoak-eta-planak\\\/\"]}]},{\"@type\":\"BreadcrumbList\",\"@id\":\"https:\\\/\\\/ekinconsultoria.com\\\/eu\\\/berdintasuna\\\/berdintasun-diagnostikoak-eta-planak\\\/#breadcrumb\",\"itemListElement\":[{\"@type\":\"ListItem\",\"position\":1,\"name\":\"Portada\",\"item\":\"https:\\\/\\\/ekinconsultoria.com\\\/eu\\\/inicio\\\/\"},{\"@type\":\"ListItem\",\"position\":2,\"name\":\"Berdintasuna\",\"item\":\"https:\\\/\\\/ekinconsultoria.com\\\/eu\\\/berdintasuna\\\/\"},{\"@type\":\"ListItem\",\"position\":3,\"name\":\"Berdintasun diagnostikoak eta planak\"}]},{\"@type\":\"WebSite\",\"@id\":\"https:\\\/\\\/ekinconsultoria.com\\\/eu\\\/#website\",\"url\":\"https:\\\/\\\/ekinconsultoria.com\\\/eu\\\/\",\"name\":\"EKIN\",\"description\":\"Consultor\u00eda estrat\u00e9gica empresarial en Bilbao\",\"potentialAction\":[{\"@type\":\"SearchAction\",\"target\":{\"@type\":\"EntryPoint\",\"urlTemplate\":\"https:\\\/\\\/ekinconsultoria.com\\\/eu\\\/?s={search_term_string}\"},\"query-input\":{\"@type\":\"PropertyValueSpecification\",\"valueRequired\":true,\"valueName\":\"search_term_string\"}}],\"inLanguage\":\"eu-ES\"}]}<\/script>\n<!-- \/ Yoast SEO plugin. -->","yoast_head_json":{"title":"Berdintasun diagnostikoak eta planak - EKIN","description":"EKIN Consultor\u00eda, homologada por Emakunde, realiza diagn\u00f3sticos y planes de igualdad para promover la igualdad de g\u00e9nero en las organizaciones.","robots":{"index":"index","follow":"follow","max-snippet":"max-snippet:-1","max-image-preview":"max-image-preview:large","max-video-preview":"max-video-preview:-1"},"canonical":"https:\/\/ekinconsultoria.com\/eu\/berdintasuna\/berdintasun-diagnostikoak-eta-planak\/","og_locale":"eu_ES","og_type":"article","og_title":"Berdintasun diagnostikoak eta planak - EKIN","og_description":"EKIN Consultor\u00eda, homologada por Emakunde, realiza diagn\u00f3sticos y planes de igualdad para promover la igualdad de g\u00e9nero en las organizaciones.","og_url":"https:\/\/ekinconsultoria.com\/eu\/berdintasuna\/berdintasun-diagnostikoak-eta-planak\/","og_site_name":"EKIN","article_modified_time":"2025-01-10T08:27:56+00:00","twitter_card":"summary_large_image","twitter_misc":{"Est. reading time":"1 minute"},"schema":{"@context":"https:\/\/schema.org","@graph":[{"@type":"WebPage","@id":"https:\/\/ekinconsultoria.com\/eu\/berdintasuna\/berdintasun-diagnostikoak-eta-planak\/","url":"https:\/\/ekinconsultoria.com\/eu\/berdintasuna\/berdintasun-diagnostikoak-eta-planak\/","name":"Berdintasun diagnostikoak eta planak - EKIN","isPartOf":{"@id":"https:\/\/ekinconsultoria.com\/eu\/#website"},"datePublished":"2024-10-15T06:39:48+00:00","dateModified":"2025-01-10T08:27:56+00:00","description":"EKIN Consultor\u00eda, homologada por Emakunde, realiza diagn\u00f3sticos y planes de igualdad para promover la igualdad de g\u00e9nero en las organizaciones.","breadcrumb":{"@id":"https:\/\/ekinconsultoria.com\/eu\/berdintasuna\/berdintasun-diagnostikoak-eta-planak\/#breadcrumb"},"inLanguage":"eu-ES","potentialAction":[{"@type":"ReadAction","target":["https:\/\/ekinconsultoria.com\/eu\/berdintasuna\/berdintasun-diagnostikoak-eta-planak\/"]}]},{"@type":"BreadcrumbList","@id":"https:\/\/ekinconsultoria.com\/eu\/berdintasuna\/berdintasun-diagnostikoak-eta-planak\/#breadcrumb","itemListElement":[{"@type":"ListItem","position":1,"name":"Portada","item":"https:\/\/ekinconsultoria.com\/eu\/inicio\/"},{"@type":"ListItem","position":2,"name":"Berdintasuna","item":"https:\/\/ekinconsultoria.com\/eu\/berdintasuna\/"},{"@type":"ListItem","position":3,"name":"Berdintasun diagnostikoak eta planak"}]},{"@type":"WebSite","@id":"https:\/\/ekinconsultoria.com\/eu\/#website","url":"https:\/\/ekinconsultoria.com\/eu\/","name":"EKIN","description":"Consultor\u00eda estrat\u00e9gica empresarial en Bilbao","potentialAction":[{"@type":"SearchAction","target":{"@type":"EntryPoint","urlTemplate":"https:\/\/ekinconsultoria.com\/eu\/?s={search_term_string}"},"query-input":{"@type":"PropertyValueSpecification","valueRequired":true,"valueName":"search_term_string"}}],"inLanguage":"eu-ES"}]}},"_links":{"self":[{"href":"https:\/\/ekinconsultoria.com\/eu\/wp-json\/wp\/v2\/pages\/754","targetHints":{"allow":["GET"]}}],"collection":[{"href":"https:\/\/ekinconsultoria.com\/eu\/wp-json\/wp\/v2\/pages"}],"about":[{"href":"https:\/\/ekinconsultoria.com\/eu\/wp-json\/wp\/v2\/types\/page"}],"author":[{"embeddable":true,"href":"https:\/\/ekinconsultoria.com\/eu\/wp-json\/wp\/v2\/users\/1"}],"replies":[{"embeddable":true,"href":"https:\/\/ekinconsultoria.com\/eu\/wp-json\/wp\/v2\/comments?post=754"}],"version-history":[{"count":2,"href":"https:\/\/ekinconsultoria.com\/eu\/wp-json\/wp\/v2\/pages\/754\/revisions"}],"predecessor-version":[{"id":835,"href":"https:\/\/ekinconsultoria.com\/eu\/wp-json\/wp\/v2\/pages\/754\/revisions\/835"}],"up":[{"embeddable":true,"href":"https:\/\/ekinconsultoria.com\/eu\/wp-json\/wp\/v2\/pages\/752"}],"wp:attachment":[{"href":"https:\/\/ekinconsultoria.com\/eu\/wp-json\/wp\/v2\/media?parent=754"}],"curies":[{"name":"wp","href":"https:\/\/api.w.org\/{rel}","templated":true}]}}