{"id":751,"date":"2024-11-08T08:16:09","date_gmt":"2024-11-08T07:16:09","guid":{"rendered":"https:\/\/ekinconsultoria.com\/error-404\/"},"modified":"2025-01-10T10:26:12","modified_gmt":"2025-01-10T09:26:12","slug":"error-404","status":"publish","type":"page","link":"https:\/\/ekinconsultoria.com\/eu\/error-404\/","title":{"rendered":"Error 404"},"content":{"rendered":"\n<style type=\"text\/css\" data-created_by=\"avia_inline_auto\" id=\"style-css-av-m38ehoz4-fdbd9f4a08714cf0fba88578ea07fb0a\">\n.avia-section.av-m38ehoz4-fdbd9f4a08714cf0fba88578ea07fb0a{\nbackground-repeat:no-repeat;\nbackground-image:url(https:\/\/ekinconsultoria.com\/webwp\/wp-content\/uploads\/2024\/11\/404.jpg);\nbackground-position:50% 50%;\nbackground-attachment:scroll;\n}\n<\/style>\n<div id='cont_404'  class='avia-section av-m38ehoz4-fdbd9f4a08714cf0fba88578ea07fb0a main_color avia-section-default avia-no-border-styling  avia-builder-el-0  avia-builder-el-no-sibling  avia-full-stretch avia-bg-style-scroll av-minimum-height av-minimum-height-custom av-height-custom  container_wrap sidebar_right'  data-section-bg-repeat='stretch' data-av_minimum_height_px='723'><div class='container av-section-cont-open' style='height:723px'><main  role=\"main\" itemprop=\"mainContentOfPage\"  class='template-page content  av-content-small alpha units'><div class='post-entry post-entry-type-page post-entry-751'><div class='entry-content-wrapper clearfix'>\n<div  class='flex_column av-84hm0-156733decafe7d3729d9a0b4e6c214c5 av_two_fifth  avia-builder-el-1  avia-builder-el-no-sibling  first flex_column_div  '     ><section  class='av_textblock_section av-m38eklew-d4442e505987610097f8c1acad09b73c '   itemscope=\"itemscope\" itemtype=\"https:\/\/schema.org\/CreativeWork\" ><div class='avia_textblock'  itemprop=\"text\" ><h1>Bilatzen ari zaren edukia oraindik ez dugu eskuragarri.<\/h1>\n<p>Baina uste baduzu eskaintzeko gai izango garela, gurekin harremanetan jar zaitezke.<br \/>\nEra berean, gure goiko menuan aurkitzen ez baduzu, bilaketa bat egin dezakezu.<\/p>\n<\/div><\/section><\/div><\/div><\/div><\/main><!-- close content main element --><\/div><\/div><div id='after_section_1'  class='main_color av_default_container_wrap container_wrap sidebar_right'  ><div class='container av-section-cont-open' ><div class='template-page content  av-content-small alpha units'><div class='post-entry post-entry-type-page post-entry-751'><div class='entry-content-wrapper clearfix'>\n","protected":false},"excerpt":{"rendered":"","protected":false},"author":1,"featured_media":0,"parent":0,"menu_order":0,"comment_status":"closed","ping_status":"closed","template":"","meta":{"footnotes":""},"class_list":["post-751","page","type-page","status-publish","hentry"],"yoast_head":"<!-- This site is optimized with the Yoast SEO plugin v27.5 - https:\/\/yoast.com\/product\/yoast-seo-wordpress\/ -->\n<title>Error 404 - EKIN<\/title>\n<meta name=\"description\" content=\"Lo sentimos, el contenido que buscas no est\u00e1 disponible. Cont\u00e1ctanos si necesitas ayuda o utiliza el men\u00fa superior.\" \/>\n<meta name=\"robots\" content=\"index, follow, max-snippet:-1, max-image-preview:large, max-video-preview:-1\" \/>\n<link rel=\"canonical\" href=\"https:\/\/ekinconsultoria.com\/eu\/error-404\/\" \/>\n<meta property=\"og:locale\" content=\"eu_ES\" \/>\n<meta property=\"og:type\" content=\"article\" \/>\n<meta property=\"og:title\" content=\"Error 404 - EKIN\" \/>\n<meta property=\"og:description\" content=\"Lo sentimos, el contenido que buscas no est\u00e1 disponible. Cont\u00e1ctanos si necesitas ayuda o utiliza el men\u00fa superior.\" \/>\n<meta property=\"og:url\" content=\"https:\/\/ekinconsultoria.com\/eu\/error-404\/\" \/>\n<meta property=\"og:site_name\" content=\"EKIN\" \/>\n<meta property=\"article:modified_time\" content=\"2025-01-10T09:26:12+00:00\" \/>\n<meta name=\"twitter:card\" content=\"summary_large_image\" \/>\n<meta name=\"twitter:label1\" content=\"Est. reading time\" \/>\n\t<meta name=\"twitter:data1\" content=\"1 minute\" \/>\n<script type=\"application\/ld+json\" class=\"yoast-schema-graph\">{\"@context\":\"https:\\\/\\\/schema.org\",\"@graph\":[{\"@type\":\"WebPage\",\"@id\":\"https:\\\/\\\/ekinconsultoria.com\\\/eu\\\/error-404\\\/\",\"url\":\"https:\\\/\\\/ekinconsultoria.com\\\/eu\\\/error-404\\\/\",\"name\":\"Error 404 - EKIN\",\"isPartOf\":{\"@id\":\"https:\\\/\\\/ekinconsultoria.com\\\/eu\\\/#website\"},\"datePublished\":\"2024-11-08T07:16:09+00:00\",\"dateModified\":\"2025-01-10T09:26:12+00:00\",\"description\":\"Lo sentimos, el contenido que buscas no est\u00e1 disponible. Cont\u00e1ctanos si necesitas ayuda o utiliza el men\u00fa superior.\",\"breadcrumb\":{\"@id\":\"https:\\\/\\\/ekinconsultoria.com\\\/eu\\\/error-404\\\/#breadcrumb\"},\"inLanguage\":\"eu-ES\",\"potentialAction\":[{\"@type\":\"ReadAction\",\"target\":[\"https:\\\/\\\/ekinconsultoria.com\\\/eu\\\/error-404\\\/\"]}]},{\"@type\":\"BreadcrumbList\",\"@id\":\"https:\\\/\\\/ekinconsultoria.com\\\/eu\\\/error-404\\\/#breadcrumb\",\"itemListElement\":[{\"@type\":\"ListItem\",\"position\":1,\"name\":\"Portada\",\"item\":\"https:\\\/\\\/ekinconsultoria.com\\\/eu\\\/inicio\\\/\"},{\"@type\":\"ListItem\",\"position\":2,\"name\":\"Error 404\"}]},{\"@type\":\"WebSite\",\"@id\":\"https:\\\/\\\/ekinconsultoria.com\\\/eu\\\/#website\",\"url\":\"https:\\\/\\\/ekinconsultoria.com\\\/eu\\\/\",\"name\":\"EKIN\",\"description\":\"Consultor\u00eda estrat\u00e9gica empresarial en Bilbao\",\"potentialAction\":[{\"@type\":\"SearchAction\",\"target\":{\"@type\":\"EntryPoint\",\"urlTemplate\":\"https:\\\/\\\/ekinconsultoria.com\\\/eu\\\/?s={search_term_string}\"},\"query-input\":{\"@type\":\"PropertyValueSpecification\",\"valueRequired\":true,\"valueName\":\"search_term_string\"}}],\"inLanguage\":\"eu-ES\"}]}<\/script>\n<!-- \/ Yoast SEO plugin. -->","yoast_head_json":{"title":"Error 404 - EKIN","description":"Lo sentimos, el contenido que buscas no est\u00e1 disponible. Cont\u00e1ctanos si necesitas ayuda o utiliza el men\u00fa superior.","robots":{"index":"index","follow":"follow","max-snippet":"max-snippet:-1","max-image-preview":"max-image-preview:large","max-video-preview":"max-video-preview:-1"},"canonical":"https:\/\/ekinconsultoria.com\/eu\/error-404\/","og_locale":"eu_ES","og_type":"article","og_title":"Error 404 - EKIN","og_description":"Lo sentimos, el contenido que buscas no est\u00e1 disponible. Cont\u00e1ctanos si necesitas ayuda o utiliza el men\u00fa superior.","og_url":"https:\/\/ekinconsultoria.com\/eu\/error-404\/","og_site_name":"EKIN","article_modified_time":"2025-01-10T09:26:12+00:00","twitter_card":"summary_large_image","twitter_misc":{"Est. reading time":"1 minute"},"schema":{"@context":"https:\/\/schema.org","@graph":[{"@type":"WebPage","@id":"https:\/\/ekinconsultoria.com\/eu\/error-404\/","url":"https:\/\/ekinconsultoria.com\/eu\/error-404\/","name":"Error 404 - EKIN","isPartOf":{"@id":"https:\/\/ekinconsultoria.com\/eu\/#website"},"datePublished":"2024-11-08T07:16:09+00:00","dateModified":"2025-01-10T09:26:12+00:00","description":"Lo sentimos, el contenido que buscas no est\u00e1 disponible. Cont\u00e1ctanos si necesitas ayuda o utiliza el men\u00fa superior.","breadcrumb":{"@id":"https:\/\/ekinconsultoria.com\/eu\/error-404\/#breadcrumb"},"inLanguage":"eu-ES","potentialAction":[{"@type":"ReadAction","target":["https:\/\/ekinconsultoria.com\/eu\/error-404\/"]}]},{"@type":"BreadcrumbList","@id":"https:\/\/ekinconsultoria.com\/eu\/error-404\/#breadcrumb","itemListElement":[{"@type":"ListItem","position":1,"name":"Portada","item":"https:\/\/ekinconsultoria.com\/eu\/inicio\/"},{"@type":"ListItem","position":2,"name":"Error 404"}]},{"@type":"WebSite","@id":"https:\/\/ekinconsultoria.com\/eu\/#website","url":"https:\/\/ekinconsultoria.com\/eu\/","name":"EKIN","description":"Consultor\u00eda estrat\u00e9gica empresarial en Bilbao","potentialAction":[{"@type":"SearchAction","target":{"@type":"EntryPoint","urlTemplate":"https:\/\/ekinconsultoria.com\/eu\/?s={search_term_string}"},"query-input":{"@type":"PropertyValueSpecification","valueRequired":true,"valueName":"search_term_string"}}],"inLanguage":"eu-ES"}]}},"_links":{"self":[{"href":"https:\/\/ekinconsultoria.com\/eu\/wp-json\/wp\/v2\/pages\/751","targetHints":{"allow":["GET"]}}],"collection":[{"href":"https:\/\/ekinconsultoria.com\/eu\/wp-json\/wp\/v2\/pages"}],"about":[{"href":"https:\/\/ekinconsultoria.com\/eu\/wp-json\/wp\/v2\/types\/page"}],"author":[{"embeddable":true,"href":"https:\/\/ekinconsultoria.com\/eu\/wp-json\/wp\/v2\/users\/1"}],"replies":[{"embeddable":true,"href":"https:\/\/ekinconsultoria.com\/eu\/wp-json\/wp\/v2\/comments?post=751"}],"version-history":[{"count":1,"href":"https:\/\/ekinconsultoria.com\/eu\/wp-json\/wp\/v2\/pages\/751\/revisions"}],"predecessor-version":[{"id":849,"href":"https:\/\/ekinconsultoria.com\/eu\/wp-json\/wp\/v2\/pages\/751\/revisions\/849"}],"wp:attachment":[{"href":"https:\/\/ekinconsultoria.com\/eu\/wp-json\/wp\/v2\/media?parent=751"}],"curies":[{"name":"wp","href":"https:\/\/api.w.org\/{rel}","templated":true}]}}