{"id":746,"date":"2024-10-25T09:37:31","date_gmt":"2024-10-25T07:37:31","guid":{"rendered":"https:\/\/ekinconsultoria.com\/calidad\/metodologia-5s\/"},"modified":"2025-01-09T13:10:28","modified_gmt":"2025-01-09T12:10:28","slug":"5s-metodologia","status":"publish","type":"page","link":"https:\/\/ekinconsultoria.com\/eu\/kalitatea\/5s-metodologia\/","title":{"rendered":"5S Metodologia"},"content":{"rendered":"\n<style type=\"text\/css\" data-created_by=\"avia_inline_auto\" id=\"style-css-av-m231gmz5-5bd827726678e762d9fd4205e706ecdf\">\n.avia-section.av-m231gmz5-5bd827726678e762d9fd4205e706ecdf{\nbackground-repeat:no-repeat;\nbackground-image:url(https:\/\/ekinconsultoria.com\/webwp\/wp-content\/uploads\/2024\/10\/slider-coremo-15.jpg);\nbackground-position:50% 50%;\nbackground-attachment:scroll;\n}\n<\/style>\n<div id='cabecera_ints'  class='avia-section av-m231gmz5-5bd827726678e762d9fd4205e706ecdf main_color avia-section-default avia-no-border-styling  avia-builder-el-0  el_before_av_section  avia-builder-el-first  avia-full-stretch avia-bg-style-scroll av-minimum-height av-minimum-height-custom av-height-custom  container_wrap sidebar_right'  data-section-bg-repeat='stretch' data-av_minimum_height_px='300'><div class='container av-section-cont-open' style='height:300px'><main  role=\"main\" itemprop=\"mainContentOfPage\"  class='template-page content  av-content-small alpha units'><div class='post-entry post-entry-type-page post-entry-746'><div class='entry-content-wrapper clearfix'>\n<div  class='flex_column av-2389n-88009a06cc3e11aaf2611f943ad56fa6 av_one_half  avia-builder-el-1  avia-builder-el-no-sibling  first flex_column_div  '     ><section  class='av_textblock_section av-m231jbtv-930ec3dc7a2cbbfbdb97dc49fc9c5f98 '   itemscope=\"itemscope\" itemtype=\"https:\/\/schema.org\/CreativeWork\" ><div class='avia_textblock'  itemprop=\"text\" ><h1>5S Metodologia<\/h1>\n<\/div><\/section><\/div><\/div><\/div><\/main><!-- close content main element --><\/div><\/div>\n<style type=\"text\/css\" data-created_by=\"avia_inline_auto\" id=\"style-css-av-4ytz3-2fcaed58ae1f07edc8193ad23e5e8842\">\n.avia-section.av-4ytz3-2fcaed58ae1f07edc8193ad23e5e8842{\nbackground-repeat:no-repeat;\nbackground-image:url(https:\/\/ekinconsultoria.com\/webwp\/wp-content\/uploads\/2024\/10\/fondo-beneficios.jpg);\nbackground-position:50% 50%;\nbackground-attachment:scroll;\n}\n<\/style>\n<div id='norma_int'  class='avia-section av-4ytz3-2fcaed58ae1f07edc8193ad23e5e8842 main_color avia-section-default avia-no-border-styling  avia-builder-el-3  el_after_av_section  el_before_av_section  avia-full-stretch avia-bg-style-scroll container_wrap sidebar_right'  data-section-bg-repeat='stretch'><div class='container av-section-cont-open' ><div class='template-page content  av-content-small alpha units'><div class='post-entry post-entry-type-page post-entry-746'><div class='entry-content-wrapper clearfix'>\n<section  id=\"bread_cont\"  class='av_textblock_section av-m28ug5w1-aa63de87924a60091a87eebdd9823182 '   itemscope=\"itemscope\" itemtype=\"https:\/\/schema.org\/CreativeWork\" ><div class='avia_textblock'  itemprop=\"text\" ><span><span><a href=\"https:\/\/ekinconsultoria.com\/eu\/inicio\/\">Portada<\/a><\/span><\/span>\n<\/div><\/section>\n<div  class='flex_column av-49j3f-249b30a21aca8e8cd2cb93d85ee24f6f av_one_full  avia-builder-el-5  el_after_av_textblock  el_before_av_one_half  first flex_column_div  column-top-margin'     ><section  class='av_textblock_section av-m23235eg-e56b4132a02cf2f3aa19611e6afadd4e '   itemscope=\"itemscope\" itemtype=\"https:\/\/schema.org\/CreativeWork\" ><div class='avia_textblock'  itemprop=\"text\" ><h2 style=\"text-align: center;\">Zer da 5S metodologia?<\/h2>\n<\/div><\/section><\/div><div class='flex_column_table av-3oznz-23834cac4ba716e80c53ec81b3bb8d30 sc-av_one_half av-equal-height-column-flextable'>\n<style type=\"text\/css\" data-created_by=\"avia_inline_auto\" id=\"style-css-av-3oznz-23834cac4ba716e80c53ec81b3bb8d30\">\n.flex_column.av-3oznz-23834cac4ba716e80c53ec81b3bb8d30{\nwidth:47.75%;\nmargin-left:0;\n}\n#top .flex_column_table.av-equal-height-column-flextable.av-3oznz-23834cac4ba716e80c53ec81b3bb8d30 .av-flex-placeholder{\nwidth:4.5%;\n}\n<\/style>\n<div  class='flex_column av-3oznz-23834cac4ba716e80c53ec81b3bb8d30 av_one_half  avia-builder-el-7  el_after_av_one_full  el_before_av_one_half  first flex_column_table_cell av-equal-height-column av-align-middle  column-top-margin'     ><section  class='av_textblock_section av-m2323ud5-30d3c7380741e6528725480a9789905e '   itemscope=\"itemscope\" itemtype=\"https:\/\/schema.org\/CreativeWork\" ><div class='avia_textblock'  itemprop=\"text\" ><p>5S metodologia Japoniatik datorren kudeaketa teknika bat da, lan-inguruneetan <strong>antolaketa eta eraginkortasuna hobetzeko<\/strong> erabiltzen dena. &#8220;5S&#8221; izena bost japoniar hitzetatik dator, guztiak &#8220;S&#8221; hizkiarekin hasten direnak:<\/p>\n<ul>\n<li><strong>Seiri (Sailkatu)<\/strong><br \/>\nBeharrezkoa dena eta beharrezkoa ez dena bereiztea eta lan-ingurunean behar ez den guztia kentzea da helburua.<\/li>\n<li><strong>Seiton (Antolatu)<\/strong><br \/>\nBehin sailkapena eginda, geratzen dena antolatzea garrantzitsua da, erraz aurkitu eta erabiltzeko moduan egon dadin. Gauza bakoitzak bere leku zehatza izan behar du.<\/li>\n<\/ul>\n<\/div><\/section><\/div><div class='av-flex-placeholder'><\/div>\n<style type=\"text\/css\" data-created_by=\"avia_inline_auto\" id=\"style-css-av-36gzz-8a3cf505f66677d73a78537790858002\">\n.flex_column.av-36gzz-8a3cf505f66677d73a78537790858002{\nwidth:47.75%;\nmargin-left:0;\n}\n#top .flex_column_table.av-equal-height-column-flextable.av-36gzz-8a3cf505f66677d73a78537790858002 .av-flex-placeholder{\nwidth:4.5%;\n}\n<\/style>\n<div  class='flex_column av-36gzz-8a3cf505f66677d73a78537790858002 av_one_half  avia-builder-el-9  el_after_av_one_half  avia-builder-el-last  flex_column_table_cell av-equal-height-column av-align-middle  column-top-margin'     ><section  class='av_textblock_section av-m232kt03-67dc13052d6f87114546ca3615f91f57 '   itemscope=\"itemscope\" itemtype=\"https:\/\/schema.org\/CreativeWork\" ><div class='avia_textblock'  itemprop=\"text\" ><ul>\n<li><strong>Seiso (Garbitu)<\/strong><br \/>\nLan-eremua garbi eta ordenatuta mantentzea. Honek itxura hobetzeaz gain, arazoak identifikatzen eta segurtasuna mantentzen laguntzen du.<\/li>\n<li><strong>Seiketsu (Estandarizatu)<\/strong><br \/>\nLehen hiru S-ak mantentzeko arauak eta prozedurak sortzea. Horrek garbiketa eta antolaketa errutinak ezartzea barne hartzen du.<\/li>\n<li><strong>Shitsuke (Mantendu)<\/strong><br \/>\nDiziplina eta konpromisoa sustatzea ezarritako praktikak jarraitzeko eta epe luzera ordena mantentzeko.<\/li>\n<\/ul>\n<\/div><\/section><\/div><\/div><!--close column table wrapper. Autoclose: 1 --><\/div><\/div><\/div><!-- close content main div --><\/div><\/div>\n<style type=\"text\/css\" data-created_by=\"avia_inline_auto\" id=\"style-css-av-m231kiqh-aadac391a3629d05489d15788b78ca87\">\n.avia-section.av-m231kiqh-aadac391a3629d05489d15788b78ca87{\nbackground-repeat:no-repeat;\nbackground-image:url(https:\/\/ekinconsultoria.com\/webwp\/wp-content\/uploads\/2024\/10\/grupo-8-1.png);\nbackground-position:100% 0%;\nbackground-attachment:scroll;\n}\n<\/style>\n<div id='metodologia'  class='avia-section av-m231kiqh-aadac391a3629d05489d15788b78ca87 main_color avia-section-default avia-no-border-styling  avia-builder-el-11  el_after_av_section  avia-builder-el-last  igualdad_cont avia-bg-style-scroll container_wrap sidebar_right'  data-section-bg-repeat='no-repeat'><div class='container av-section-cont-open' ><div class='template-page content  av-content-small alpha units'><div class='post-entry post-entry-type-page post-entry-746'><div class='entry-content-wrapper clearfix'>\n<div  class='flex_column av-15ezf-c1621fd2cbf238f768b972fc4f99035f av_three_fifth  avia-builder-el-12  avia-builder-el-no-sibling  first flex_column_div  '     ><section  class='av_textblock_section av-m231myb6-dca16b1e54cfd0b1e3345f3e59729024 '   itemscope=\"itemscope\" itemtype=\"https:\/\/schema.org\/CreativeWork\" ><div class='avia_textblock'  itemprop=\"text\" ><h2>Gure lan-metodologia<\/h2>\n<ul>\n<li><strong>1. Fasea: Proiektuaren sendotzea<\/strong><br \/>\nHelburua 5S proiektua formalizatzea da, hau definituz: Proba-eremua eta gainerako eremuak, Taldea eta lan-liderra, Formakuntza.<\/li>\n<li><strong>2. Fasea: Proiektuaren exekuzioa Proba-eremuan<\/strong><br \/>\nFase honen helburua &#8220;5S Ezarpena&#8221; proiektua hautatutako proba-eremuan garatzea da.<\/li>\n<li><strong>3. Fasea: Ondorioak eta Emaitzen Aurkezpena<\/strong><br \/>\n5S proiektua garatu ondoren, lan-taldeak, EKIN dinamizatzaile gisa lagunduta, lortutako emaitzak ebaluatu eta ondorioak atera behar ditu.<\/li>\n<li><strong>4. Fasea: Proiektuaren exekuzioa gainerako eremuetan<\/strong><br \/>\nFase honen helburua &#8220;5S Ezarpena&#8221; proiektua gainerako eremuetan garatzea da, proba-eremuko ezarpena amaitu ondoren.<\/li>\n<li><strong>5. Fasea: Ondorioak eta Emaitzen Aurkezpena<\/strong><br \/>\nLortutako emaitzak berriro aztertuko dira.<\/li>\n<li><strong>6. Fasea: Proiektuaren exekuzioa gainerako eremuetan<\/strong>\n<ul>\n<li>Ezarritako neurriak jarraipena dutela ziurtatu.<\/li>\n<li>Epe luzerako emaitzak ebaluatu eta behar izanez gero zuzenketak sartu.<\/li>\n<li>Lan-taldearen jarraipena egin.<\/li>\n<li>Ezarritako lan-metodologia auditatu.<\/li>\n<\/ul>\n<\/li>\n<\/ul>\n<h3>Ezarpenaren onurak:<\/h3>\n<ul class=\"ico_azul\">\n<li>Lan-baldintzak eta langileen morala hobetzea. Garbi eta ordenatuta dagoen tokian lan egitea atseginagoa eta seguruagoa da.<\/li>\n<li>Denbora eta energia gastuak murriztea.<\/li>\n<li>Istripu edo osasun-arriskuen murrizketa.<\/li>\n<li>Ekoizpenaren kalitatea hobetzea.<\/li>\n<li>Lan-segurtasuna hobetzea.<\/li>\n<li>Huts gutxiago eta ekipamenduen bizitza erabilgarria luzatzea.<\/li>\n<li>Bezeroen edo erakundeen bisiten aurrean irudi hobea izatea.<\/li>\n<li>Ez erabilitako espazioaren berreskurapena.<\/li>\n<\/ul>\n<\/div><\/section><\/div><\/div><\/div><\/div><!-- close content main div --><\/div><\/div><div id='after_section_3'  class='main_color av_default_container_wrap container_wrap sidebar_right'  ><div class='container av-section-cont-open' ><div class='template-page content  av-content-small alpha units'><div class='post-entry post-entry-type-page post-entry-746'><div class='entry-content-wrapper clearfix'><\/p>\n","protected":false},"excerpt":{"rendered":"","protected":false},"author":1,"featured_media":0,"parent":744,"menu_order":0,"comment_status":"closed","ping_status":"closed","template":"","meta":{"footnotes":""},"class_list":["post-746","page","type-page","status-publish","hentry"],"yoast_head":"<!-- This site is optimized with the Yoast SEO plugin v27.4 - https:\/\/yoast.com\/product\/yoast-seo-wordpress\/ -->\n<title>5S Metodologia - EKIN<\/title>\n<meta name=\"description\" content=\"Descubre c\u00f3mo la metodolog\u00eda 5S puede mejorar la organizaci\u00f3n, seguridad y productividad en tu empresa, te guiamos en cada fase.\" \/>\n<meta name=\"robots\" content=\"index, follow, max-snippet:-1, max-image-preview:large, max-video-preview:-1\" \/>\n<link rel=\"canonical\" href=\"https:\/\/ekinconsultoria.com\/eu\/kalitatea\/5s-metodologia\/\" \/>\n<meta property=\"og:locale\" content=\"eu_ES\" \/>\n<meta property=\"og:type\" content=\"article\" \/>\n<meta property=\"og:title\" content=\"5S Metodologia - EKIN\" \/>\n<meta property=\"og:description\" content=\"Descubre c\u00f3mo la metodolog\u00eda 5S puede mejorar la organizaci\u00f3n, seguridad y productividad en tu empresa, te guiamos en cada fase.\" \/>\n<meta property=\"og:url\" content=\"https:\/\/ekinconsultoria.com\/eu\/kalitatea\/5s-metodologia\/\" \/>\n<meta property=\"og:site_name\" content=\"EKIN\" \/>\n<meta property=\"article:modified_time\" content=\"2025-01-09T12:10:28+00:00\" \/>\n<meta name=\"twitter:card\" content=\"summary_large_image\" \/>\n<meta name=\"twitter:label1\" content=\"Est. reading time\" \/>\n\t<meta name=\"twitter:data1\" content=\"2 minutes\" \/>\n<script type=\"application\/ld+json\" class=\"yoast-schema-graph\">{\"@context\":\"https:\\\/\\\/schema.org\",\"@graph\":[{\"@type\":\"WebPage\",\"@id\":\"https:\\\/\\\/ekinconsultoria.com\\\/eu\\\/kalitatea\\\/5s-metodologia\\\/\",\"url\":\"https:\\\/\\\/ekinconsultoria.com\\\/eu\\\/kalitatea\\\/5s-metodologia\\\/\",\"name\":\"5S Metodologia - EKIN\",\"isPartOf\":{\"@id\":\"https:\\\/\\\/ekinconsultoria.com\\\/eu\\\/#website\"},\"datePublished\":\"2024-10-25T07:37:31+00:00\",\"dateModified\":\"2025-01-09T12:10:28+00:00\",\"description\":\"Descubre c\u00f3mo la metodolog\u00eda 5S puede mejorar la organizaci\u00f3n, seguridad y productividad en tu empresa, te guiamos en cada fase.\",\"breadcrumb\":{\"@id\":\"https:\\\/\\\/ekinconsultoria.com\\\/eu\\\/kalitatea\\\/5s-metodologia\\\/#breadcrumb\"},\"inLanguage\":\"eu-ES\",\"potentialAction\":[{\"@type\":\"ReadAction\",\"target\":[\"https:\\\/\\\/ekinconsultoria.com\\\/eu\\\/kalitatea\\\/5s-metodologia\\\/\"]}]},{\"@type\":\"BreadcrumbList\",\"@id\":\"https:\\\/\\\/ekinconsultoria.com\\\/eu\\\/kalitatea\\\/5s-metodologia\\\/#breadcrumb\",\"itemListElement\":[{\"@type\":\"ListItem\",\"position\":1,\"name\":\"Portada\",\"item\":\"https:\\\/\\\/ekinconsultoria.com\\\/eu\\\/inicio\\\/\"},{\"@type\":\"ListItem\",\"position\":2,\"name\":\"Kalitatea\",\"item\":\"https:\\\/\\\/ekinconsultoria.com\\\/eu\\\/kalitatea\\\/\"},{\"@type\":\"ListItem\",\"position\":3,\"name\":\"5S Metodologia\"}]},{\"@type\":\"WebSite\",\"@id\":\"https:\\\/\\\/ekinconsultoria.com\\\/eu\\\/#website\",\"url\":\"https:\\\/\\\/ekinconsultoria.com\\\/eu\\\/\",\"name\":\"EKIN\",\"description\":\"Consultor\u00eda estrat\u00e9gica empresarial en Bilbao\",\"potentialAction\":[{\"@type\":\"SearchAction\",\"target\":{\"@type\":\"EntryPoint\",\"urlTemplate\":\"https:\\\/\\\/ekinconsultoria.com\\\/eu\\\/?s={search_term_string}\"},\"query-input\":{\"@type\":\"PropertyValueSpecification\",\"valueRequired\":true,\"valueName\":\"search_term_string\"}}],\"inLanguage\":\"eu-ES\"}]}<\/script>\n<!-- \/ Yoast SEO plugin. -->","yoast_head_json":{"title":"5S Metodologia - EKIN","description":"Descubre c\u00f3mo la metodolog\u00eda 5S puede mejorar la organizaci\u00f3n, seguridad y productividad en tu empresa, te guiamos en cada fase.","robots":{"index":"index","follow":"follow","max-snippet":"max-snippet:-1","max-image-preview":"max-image-preview:large","max-video-preview":"max-video-preview:-1"},"canonical":"https:\/\/ekinconsultoria.com\/eu\/kalitatea\/5s-metodologia\/","og_locale":"eu_ES","og_type":"article","og_title":"5S Metodologia - EKIN","og_description":"Descubre c\u00f3mo la metodolog\u00eda 5S puede mejorar la organizaci\u00f3n, seguridad y productividad en tu empresa, te guiamos en cada fase.","og_url":"https:\/\/ekinconsultoria.com\/eu\/kalitatea\/5s-metodologia\/","og_site_name":"EKIN","article_modified_time":"2025-01-09T12:10:28+00:00","twitter_card":"summary_large_image","twitter_misc":{"Est. reading time":"2 minutes"},"schema":{"@context":"https:\/\/schema.org","@graph":[{"@type":"WebPage","@id":"https:\/\/ekinconsultoria.com\/eu\/kalitatea\/5s-metodologia\/","url":"https:\/\/ekinconsultoria.com\/eu\/kalitatea\/5s-metodologia\/","name":"5S Metodologia - EKIN","isPartOf":{"@id":"https:\/\/ekinconsultoria.com\/eu\/#website"},"datePublished":"2024-10-25T07:37:31+00:00","dateModified":"2025-01-09T12:10:28+00:00","description":"Descubre c\u00f3mo la metodolog\u00eda 5S puede mejorar la organizaci\u00f3n, seguridad y productividad en tu empresa, te guiamos en cada fase.","breadcrumb":{"@id":"https:\/\/ekinconsultoria.com\/eu\/kalitatea\/5s-metodologia\/#breadcrumb"},"inLanguage":"eu-ES","potentialAction":[{"@type":"ReadAction","target":["https:\/\/ekinconsultoria.com\/eu\/kalitatea\/5s-metodologia\/"]}]},{"@type":"BreadcrumbList","@id":"https:\/\/ekinconsultoria.com\/eu\/kalitatea\/5s-metodologia\/#breadcrumb","itemListElement":[{"@type":"ListItem","position":1,"name":"Portada","item":"https:\/\/ekinconsultoria.com\/eu\/inicio\/"},{"@type":"ListItem","position":2,"name":"Kalitatea","item":"https:\/\/ekinconsultoria.com\/eu\/kalitatea\/"},{"@type":"ListItem","position":3,"name":"5S Metodologia"}]},{"@type":"WebSite","@id":"https:\/\/ekinconsultoria.com\/eu\/#website","url":"https:\/\/ekinconsultoria.com\/eu\/","name":"EKIN","description":"Consultor\u00eda estrat\u00e9gica empresarial en Bilbao","potentialAction":[{"@type":"SearchAction","target":{"@type":"EntryPoint","urlTemplate":"https:\/\/ekinconsultoria.com\/eu\/?s={search_term_string}"},"query-input":{"@type":"PropertyValueSpecification","valueRequired":true,"valueName":"search_term_string"}}],"inLanguage":"eu-ES"}]}},"_links":{"self":[{"href":"https:\/\/ekinconsultoria.com\/eu\/wp-json\/wp\/v2\/pages\/746","targetHints":{"allow":["GET"]}}],"collection":[{"href":"https:\/\/ekinconsultoria.com\/eu\/wp-json\/wp\/v2\/pages"}],"about":[{"href":"https:\/\/ekinconsultoria.com\/eu\/wp-json\/wp\/v2\/types\/page"}],"author":[{"embeddable":true,"href":"https:\/\/ekinconsultoria.com\/eu\/wp-json\/wp\/v2\/users\/1"}],"replies":[{"embeddable":true,"href":"https:\/\/ekinconsultoria.com\/eu\/wp-json\/wp\/v2\/comments?post=746"}],"version-history":[{"count":2,"href":"https:\/\/ekinconsultoria.com\/eu\/wp-json\/wp\/v2\/pages\/746\/revisions"}],"predecessor-version":[{"id":808,"href":"https:\/\/ekinconsultoria.com\/eu\/wp-json\/wp\/v2\/pages\/746\/revisions\/808"}],"up":[{"embeddable":true,"href":"https:\/\/ekinconsultoria.com\/eu\/wp-json\/wp\/v2\/pages\/744"}],"wp:attachment":[{"href":"https:\/\/ekinconsultoria.com\/eu\/wp-json\/wp\/v2\/media?parent=746"}],"curies":[{"name":"wp","href":"https:\/\/api.w.org\/{rel}","templated":true}]}}